{"id":65,"date":"2015-01-27T09:36:16","date_gmt":"2015-01-27T09:36:16","guid":{"rendered":"http:\/\/test.schwarzenbach.org\/?page_id=65"},"modified":"2025-09-19T08:24:50","modified_gmt":"2025-09-19T08:24:50","slug":"arbeitsproben-3","status":"publish","type":"page","link":"https:\/\/www.schwarzenbach.org\/?page_id=65","title":{"rendered":"Texte"},"content":{"rendered":"\n<p><\/p>\n\n\n<p>Journalistische Publikationen &#8211; eine Auswahl:<\/p>\n<p><strong>Solidarisch, gesund, lecker. 2300 Mitglieder hat das Kartoffelkombinat bei M\u00fcnchen, viele helfen beim Gem\u00fcseanbau mit<\/strong>. <em>Biss<\/em> Ausgabe Juli\/August 2025. <a href=\"https:\/\/www.schwarzenbach.org\/wp-content\/uploads\/2025\/09\/BISS_2025_708-Kartoffelkombinat.pdf\" target=\"_blank\" rel=\"noopener\">Lesen<\/a>&#8230;\u00a0<\/p>\n<p><strong>Sp\u00e4ter Mutterschaft &#8211; bin ich zu alt f\u00fcr mein Kind? <\/strong><em>Zeit.de,<\/em> 9. Mai 2025. <a href=\"https:\/\/www.zeit.de\/familie\/2025-05\/spaete-mutterschaft-alter-eltern-erziehung\" target=\"_blank\" rel=\"noopener\">Lesen<\/a>&#8230;<\/p>\n<p><strong>Gr\u00fcn statt grau. &#8222;Gr\u00fcnpat&#8217;innen&#8220; machen M\u00fcnchen lebenswerter.<\/strong> <em>Biss<\/em>, Ausgabe Juli\/August 2024. <a href=\"https:\/\/www.schwarzenbach.org\/wp-content\/uploads\/2025\/01\/BISS_2024_07-08.pdf\" target=\"_blank\" rel=\"noopener\">Lesen&#8230;<\/a><\/p>\n<p><strong>Terminstress statt Sommergef\u00fchl.<\/strong> <em>S\u00fcddeutsche Zeitung<\/em>, 18.7.2023 <br \/>Der Juli ist der neue Dezember. Kuchen backen f\u00fcr die Erzieherin, T-Shirts drucken f\u00fcrs Sommerfest der Grundschule und Essen verkaufen beim Hockeyverein &#8211; vor den Ferien ballen sich die Termine f\u00fcr die Eltern. Muss das alles wirklich sein? <a href=\"https:\/\/www.schwarzenbach.org\/wp-content\/uploads\/2025\/01\/Terminstress-statt-Sommergefuehl_SZ-180723.pdf\" target=\"_blank\" rel=\"noopener\">Lesen&#8230;<\/a><\/p>\n<p><strong>Ende der Gem\u00fctlichkeit<\/strong>. <em>S\u00fcddeutsche Zeitung<\/em>, 11.4.2023<br \/>Restaurants vergeben Tische im 2-Stunden-Takt. <a href=\"https:\/\/www.sueddeutsche.de\/muenchen\/gastronomie-restaurants-muenchen-reservierungsslots-1.5792660?reduced=true\">Lesen&#8230;<\/a><\/p>\n<p><strong>Das Dorf der Leser<\/strong> (Online-Titel: <strong>Im Urlaub spielen wir Buchh\u00e4ndler<\/strong>). <em>S\u00fcddeutsche Zeitung, <\/em>11.10.2018<br \/>Wigtown in Schottland hat 1000 Einwohner und zehn Buchl\u00e4den. Einen k\u00f6nnen Urlauber jeweils eine Woche lang mieten, um darin zu wohnen, zu lesen und nat\u00fcrlich B\u00fccher zu verkaufen. <a href=\"https:\/\/www.sueddeutsche.de\/reise\/schottland-im-urlaub-spielen-wir-buchhaendler-1.4164026\">Lesen&#8230;<\/a><\/p>\n<p><strong>Seelenverwandte.<\/strong> <em>S\u00fcddeutsche Zeitung, 21.11.2015<\/em><br \/>Viele \u00e4ltere Menschen lernen ausgerechnet auf dem Friedhof ihre neue Liebe kennen. Die Geschichte von Christa und Karl. <a href=\"http:\/\/www.sueddeutsche.de\/leben\/liebe-im-alter-partnerboerse-friedhof-1.2742499\" target=\"_blank\" rel=\"noopener\">Lesen&#8230;<\/a><\/p>\n<p><strong>Susan Sontag. Die \u00f6ffentlichen Intimit\u00e4ten der eitlen Dame.<\/strong> <em>taz, 30.4.2010<\/em><br \/>Ein Blick auf die Geschichte des Archivs von Susan Sontags Schriften anl\u00e4sslich der Ver\u00f6ffentlichung ihrer Tageb\u00fccher. <a href=\"http:\/\/www.taz.de\/1\/archiv\/digitaz\/artikel\/?ressort=pb&amp;dig=2010%2F04%2F30%2Fa0055&amp;cHash=797b8f736d\">Lesen&#8230;<\/a><\/p>\n<p><strong>Annie Leibovitz. Die Starfotografin wird pers\u00f6nlich.<\/strong> <em>Frankfurter Rundschau, 20.2.2009<\/em><br \/>Wie Annie Leibovitz zur Fotografin der Beat-Generation wurde &#8211; und selbst ein Star. Eine aktuelle Ausstellung in Berlin zeigt sie von einer neuen Seite. <a href=\"http:\/\/www.fr-online.de\/panorama\/annie-leibovitz-die-starfotografin-wird-persoenlich,1472782,3326486.html\" target=\"_blank\" rel=\"noopener\">Lesen&#8230;<\/a><\/p>\n\n\n<p><\/p>\n","protected":false},"excerpt":{"rendered":"<p>Journalistische Publikationen &#8211; eine Auswahl: Solidarisch, gesund, lecker. 2300 Mitglieder hat das Kartoffelkombinat bei M\u00fcnchen, viele helfen beim Gem\u00fcseanbau mit. Biss Ausgabe Juli\/August 2025. Lesen&#8230;\u00a0 Sp\u00e4ter Mutterschaft &#8211; bin ich zu alt f\u00fcr mein Kind? Zeit.de, 9. Mai 2025. Lesen&#8230; Gr\u00fcn statt grau. &#8222;Gr\u00fcnpat&#8217;innen&#8220; machen M\u00fcnchen lebenswerter. Biss, Ausgabe Juli\/August 2024. Lesen&#8230; Terminstress statt Sommergef\u00fchl. [&hellip;]<\/p>\n","protected":false},"author":1,"featured_media":0,"parent":0,"menu_order":0,"comment_status":"closed","ping_status":"closed","template":"fullwidth-page-noheadline.php","meta":{"footnotes":""},"_links":{"self":[{"href":"https:\/\/www.schwarzenbach.org\/index.php?rest_route=\/wp\/v2\/pages\/65"}],"collection":[{"href":"https:\/\/www.schwarzenbach.org\/index.php?rest_route=\/wp\/v2\/pages"}],"about":[{"href":"https:\/\/www.schwarzenbach.org\/index.php?rest_route=\/wp\/v2\/types\/page"}],"author":[{"embeddable":true,"href":"https:\/\/www.schwarzenbach.org\/index.php?rest_route=\/wp\/v2\/users\/1"}],"replies":[{"embeddable":true,"href":"https:\/\/www.schwarzenbach.org\/index.php?rest_route=%2Fwp%2Fv2%2Fcomments&post=65"}],"version-history":[{"count":31,"href":"https:\/\/www.schwarzenbach.org\/index.php?rest_route=\/wp\/v2\/pages\/65\/revisions"}],"predecessor-version":[{"id":233,"href":"https:\/\/www.schwarzenbach.org\/index.php?rest_route=\/wp\/v2\/pages\/65\/revisions\/233"}],"wp:attachment":[{"href":"https:\/\/www.schwarzenbach.org\/index.php?rest_route=%2Fwp%2Fv2%2Fmedia&parent=65"}],"curies":[{"name":"wp","href":"https:\/\/api.w.org\/{rel}","templated":true}]}}